{"id":10,"date":"2020-04-21T18:14:41","date_gmt":"2020-04-21T18:14:41","guid":{"rendered":"http:\/\/ra-nuebling.de\/?page_id=10"},"modified":"2020-04-21T18:36:00","modified_gmt":"2020-04-21T18:36:00","slug":"datenschutz","status":"publish","type":"page","link":"http:\/\/ra-nuebling.de\/?page_id=10","title":{"rendered":"Datenschutz"},"content":{"rendered":"\n<p><strong>Allgemeine Hinweise zum Datenschutz:<\/strong><\/p>\n\n\n\n<p>Diese Datenschutzerkl\u00e4rung kl\u00e4rt Nutzer dieser und der verbundenen Internetseiten \u00fcber die Art, den Umfang und Zwecke der Erhebung und Verwendung personenbezogener Daten durch Rechtsanwalt Alfred N\u00fcbling\u00a0auf diesen\u00a0Internetseiten (im folgenden \u201eAngebot\u201c) auf.<\/p>\n\n\n\n<p>Die rechtlichen Grundlagen des Datenschutzes finden sich im Bundesdatenschutzgesetz (BDSG) und dem Telemediengesetz (TMG) sowie der Datenschutzgrundverordnung (DSGVO).<\/p>\n\n\n\n<p><strong>1. Name und Kontaktdaten des f\u00fcr die Verarbeitung Verantwortlichen sowie des betrieblichen Datenschutzbeauftragten<\/strong><\/p>\n\n\n\n<p>Diese Datenschutz-Information gilt f\u00fcr die Datenverarbeitung durch:<\/p>\n\n\n\n<p>Verantwortlicher: Rechtsanwalt Alfred N\u00fcbling<\/p>\n\n\n\n<p>Ein Datenschutzbeauftragter ist auf Grund der Mitarbeiterzahl nicht bestellt.<\/p>\n\n\n\n<p><strong>2. Erhebung und Speicherung personenbezogener Daten sowie Art und Zweck von deren Verwendung<\/strong><\/p>\n\n\n\n<p><em>a) Beim Besuch der Website<\/em><\/p>\n\n\n\n<p>Beim Aufrufen unserer Website www.milosevic.de werden durch den auf Ihrem Endger\u00e4t zum Einsatz kommenden Browser automatisch Informationen an den Server unserer Website gesendet. Diese Informationen werden tempor\u00e4r in einem sog. Logfile gespeichert. Folgende Informationen werden dabei ohne Ihr Zutun erfasst und bis zur automatisierten L\u00f6schung gespeichert:<br>\u2022 IP-Adresse des anfragenden Rechners,<br>\u2022 Datum und Uhrzeit des Zugriffs,<br>\u2022 Name und URL der abgerufenen Datei,<br>\u2022 Website, von der aus der Zugriff erfolgt (Referrer-URL),<br>\u2022 verwendeter Browser und ggf. das Betriebssystem Ihres Rechners sowie der Name Ihres Access-Providers.<\/p>\n\n\n\n<p>Die genannten Daten werden durch uns zu folgenden Zwecken verarbeitet:<br>\u2022 Gew\u00e4hrleistung eines reibungslosen Verbindungsaufbaus der Website,<br>\u2022 Gew\u00e4hrleistung einer komfortablen Nutzung unserer Website,<br>\u2022 Auswertung der Systemsicherheit und -stabilit\u00e4t sowie<br>\u2022 zu weiteren administrativen Zwecken.<\/p>\n\n\n\n<p>Die Rechtsgrundlage f\u00fcr die Datenverarbeitung ist Art. 6 Abs. 1 S. 1 lit. f DSGVO. Unser berechtigtes Interesse folgt aus oben aufgelisteten Zwecken zur Datenerhebung. In keinem Fall verwenden wir die erhobenen Daten zu dem Zweck, R\u00fcckschl\u00fcsse auf Ihre Person zu ziehen.<\/p>\n\n\n\n<p>Dar\u00fcber hinaus setzen wir beim Besuch unserer Website Cookies sowie Analysedienste ein. N\u00e4here Erl\u00e4uterungen dazu erhalten Sie unter den Ziff. 4, 5&nbsp; und 6 dieser Datenschutzerkl\u00e4rung.<\/p>\n\n\n\n<p><em>b) Bei Nutzung unseres Kontaktformulars<\/em><\/p>\n\n\n\n<p>Bei Fragen jeglicher Art bieten wir Ihnen die M\u00f6glichkeit, mit uns \u00fcber ein auf der Website bereitgestelltes Formular Kontakt aufzunehmen. Dabei ist die Angabe einer g\u00fcltigen EMail-Adresse erforderlich, damit wir wissen, von wem die Anfrage stammt und um diese beantworten zu k\u00f6nnen. Weitere Angaben k\u00f6nnen freiwillig get\u00e4tigt werden.<\/p>\n\n\n\n<p>Die Datenverarbeitung zum Zwecke der Kontaktaufnahme mit uns erfolgt nach Art. 6 Abs. 1 S. 1 lit. a DSGVO auf Grundlage Ihrer freiwillig erteilten Einwilligung.<br>Die f\u00fcr die Benutzung des Kontaktformulars von uns erhobenen personenbezogenen Daten werden nach Erledigung der von Ihnen gestellten Anfrage automatisch gel\u00f6scht.<\/p>\n\n\n\n<p>Eingetragene Formulardaten werden mit der Absendung an uns per E-Mail geschickt, wenn Sie auf den Senden-Button klicken, und&nbsp; auf unserem E-Mail-Server sowie in Outlook auf dem PC des Rechtsanwalts gespeichert. Eine zus\u00e4tzliche Speicherung in unserer WordPress-Datenbank findet nicht statt.<\/p>\n\n\n\n<p>Die Daten werden gel\u00f6scht, sobald sie f\u00fcr die Erreichung des Zweckes ihrer Erhebung nicht mehr erforderlich sind. Soweit ein Mandat zu Stande kommt, ist das im Regelfall 6 Jahre nach Mandatsende.<\/p>\n\n\n\n<p><em>c) Bei telefonischem Kontakt<\/em><\/p>\n\n\n\n<p>Wenn Sie telefonisch einen Besprechungstermin vereinbaren oder ein sonstiges Anliegen haben, speichern wir Namen, R\u00fcckrufnummer und Anliegen. Dies erfolgt zur Planung der Besprechungszeit und f\u00fcr die Kontaktaufnahme im Falle notwendiger Terminsverschiebung bzw. bei sonstigen Anliegen zur Dokumentation der anwaltlichen T\u00e4tigkeit im Rahmen der Mandatsbearbeitung.<\/p>\n\n\n\n<p>Die Daten werden gel\u00f6scht, sobald sie f\u00fcr die Erreichung des Zweckes ihrer Erhebung nicht mehr erforderlich sind.<\/p>\n\n\n\n<p><em>d) Bei Kontaktaufnahme per Fax<\/em><\/p>\n\n\n\n<p>Die Faxe werden in der Telefonanlage als PDF gespeichert. Sofern ein Aktenbezug besteht, wird die Datei in die Aktengeschichte der Anwaltssoftware \u00fcbernommen.&nbsp; Nach \u00dcberpr\u00fcfung des ordnungsgem\u00e4\u00dfen Empfangs des Fax wird das PDF in der Telefonanlage manuell gel\u00f6scht.<\/p>\n\n\n\n<p>Die Daten werden gel\u00f6scht, sobald sie f\u00fcr die Erreichung des Zweckes ihrer Erhebung nicht mehr erforderlich sind. Soweit ein Mandat zu Stande kommt, ist das im Regelfall 6 Jahre nach Mandatsende.<\/p>\n\n\n\n<p><strong>3. Weitergabe von Daten<\/strong><\/p>\n\n\n\n<p>Eine \u00dcbermittlung Ihrer pers\u00f6nlichen Daten an Dritte zu anderen als den im Folgenden aufgef\u00fchrten Zwecken findet nicht statt.<\/p>\n\n\n\n<p>Wir geben Ihre pers\u00f6nlichen Daten nur an Dritte weiter, wenn:<br>\u2022 Sie Ihre nach Art. 6 Abs. 1 S. 1 lit. a DSGVO ausdr\u00fcckliche Einwilligung dazu erteilt haben,<br>\u2022 die Weitergabe nach Art. 6 Abs. 1 S. 1 lit. f DSGVO zur Geltendmachung, Aus\u00fcbung oder Verteidigung von Rechtsanspr\u00fcchen erforderlich ist und kein Grund zur Annahme besteht, dass Sie ein \u00fcberwiegendes schutzw\u00fcrdiges Interesse an der Nichtweitergabe Ihrer Daten haben,<br>\u2022 f\u00fcr den Fall, dass f\u00fcr die Weitergabe nach Art. 6 Abs. 1 S. 1 lit. c DSGVO eine gesetzliche Verpflichtung besteht, sowie<br>\u2022 dies gesetzlich zul\u00e4ssig und nach Art. 6 Abs. 1 S. 1 lit. b DSGVO f\u00fcr die Abwicklung von Vertragsverh\u00e4ltnissen mit Ihnen erforderlich ist.<\/p>\n\n\n\n<p><strong>4. Cookies<\/strong><\/p>\n\n\n\n<p>Wir setzen auf unserer Seite Cookies ein. Hierbei handelt es sich um kleine Dateien, die Ihr Browser automatisch erstellt und die auf Ihrem Endger\u00e4t (Laptop, Tablet, Smartphone o.\u00e4.) gespeichert werden, wenn Sie unsere Seite besuchen. Cookies richten auf Ihrem Endger\u00e4t keinen Schaden an, enthalten keine<br>Viren, Trojaner oder sonstige Schadsoftware. In dem Cookie werden Informationen abgelegt, die sich jeweils im Zusammenhang mit dem spezifisch eingesetzten<br>Endger\u00e4t ergeben. Dies bedeutet jedoch nicht, dass wir dadurch unmittelbar Kenntnis von Ihrer Identit\u00e4t erhalten. Der Einsatz von Cookies dient einerseits dazu, die Nutzung unseres Angebots f\u00fcr Sie angenehmer zu gestalten. So setzen wir sogenannte Session-Cookies ein, um zu erkennen, dass Sie einzelne Seiten unserer Website bereits besucht haben. Diese werden nach Verlassen unserer Seite automatisch gel\u00f6scht.<br>Dar\u00fcber hinaus setzen wir ebenfalls zur Optimierung der Benutzerfreundlichkeit tempor\u00e4re Cookies ein, die f\u00fcr einen bestimmten festgelegten Zeitraum auf Ihrem Endger\u00e4t gespeichert werden. Besuchen Sie unsere Seite erneut, um unsere Dienste in Anspruch zu nehmen, wird automatisch erkannt, dass Sie bereits bei uns waren und welche Eingaben und Einstellungen sie get\u00e4tigt haben, um diese nicht noch einmal eingeben zu m\u00fcssen. Zum anderen setzten wir Cookies ein, um die Nutzung unserer Website statistisch zu erfassen und zum Zwecke der Optimierung unseres Angebotes f\u00fcr Sie auszuwerten (siehe Ziff. 5). Diese Cookies erm\u00f6glichen es uns, bei einem erneuten Besuch unserer Seite automatisch zu erkennen, dass Sie bereits bei uns waren. Diese Cookies werden nach einer jeweils<br>definierten Zeit automatisch gel\u00f6scht. Die durch Cookies verarbeiteten Daten sind f\u00fcr die genannten Zwecke zur Wahrung unserer berechtigten Interessen<br>sowie der Dritter nach Art. 6 Abs. 1 S. 1 lit. f DSGVO erforderlich. Die meisten Browser akzeptieren Cookies automatisch. Sie k\u00f6nnen Ihren Browser jedoch so konfigurieren, dass keine Cookies auf Ihrem Computer gespeichert werden oder stets ein Hinweis erscheint, bevor ein neuer Cookie angelegt wird. Die vollst\u00e4ndige Deaktivierung von Cookies kann jedoch dazu f\u00fchren, dass Sie nicht alle Funktionen unserer Website nutzen k\u00f6nnen.<\/p>\n\n\n\n<p><strong>5. Google Adwords Conversion Tracking<\/strong><\/p>\n\n\n\n<p>Um die Nutzung unserer Webseite statistisch zu erfassen und zum Zwecke der Optimierung unserer Website f\u00fcr Sie auszuwerten,<br>nutzen wir ferner das Google Conversion Tracking. Dabei wird von Google Adwords ein Cookie (siehe Ziffer 4) auf Ihrem Rechner gesetzt, sofern Sie \u00fcber eine Google-Anzeige auf unsere Webseite gelangt sind. Diese Cookies verlieren nach 30 Tagen ihre G\u00fcltigkeit und dienen nicht der pers\u00f6nlichen Identifizierung. Besucht der Nutzer bestimmte Seiten der Webseite des Adwords-Kunden und das Cookie ist noch nicht abgelaufen, k\u00f6nnen Google und der Kunde erkennen, dass der Nutzer auf die Anzeige geklickt hat und zu dieser Seite weitergeleitet wurde.<br>Jeder Adwords-Kunde erh\u00e4lt ein anderes Cookie. Cookies k\u00f6nnen somit nicht \u00fcber die Webseiten von Adwords-Kunden nachverfolgt werden. Die mithilfe des Conversion-Cookies eingeholten Informationen dienen dazu, Conversion-Statistiken f\u00fcr Adwords-Kunden zu erstellen, die sich f\u00fcr Conversion-Tracking<br>entschieden haben. Die Adwords-Kunden erfahren die Gesamtanzahl der Nutzer, die auf ihre Anzeige geklickt haben und zu einer mit einem Conversion-TrackingTag versehenen Seite weitergeleitet wurden. Sie erhalten jedoch keine Informationen, mit denen sich Nutzer pers\u00f6nlich identifizieren lassen.<\/p>\n\n\n\n<p>Wenn Sie nicht an dem Tracking-Verfahren teilnehmen m\u00f6chten, k\u00f6nnen Sie auch das hierf\u00fcr erforderliche Setzen eines Cookies ablehnen \u2013 etwa per Browser-Einstellung, die das automatische Setzen von Cookies generell deaktiviert. Sie k\u00f6nnen Cookies f\u00fcr Conversion-Tracking auch deaktivieren, indem Sie Ihren Browser so einstellen, dass Cookies von der Domain \u201ewww.googleadservices.com\u201c blockiert werden. Googles Datenschutzbelehrung zum Conversion-Tracking finden Sie hier (https:\/\/services.google.com\/sitestats\/de.html).<\/p>\n\n\n\n<p><strong>6. Jetpack\/Wordpress.com-Stats<\/strong><\/p>\n\n\n\n<p>Dieses Angebot nutzt&nbsp;<a href=\"http:\/\/wordpress.org\/extend\/plugins\/jetpack\/\">Jetpack<\/a>, ein Tool zur statistischen Auswertung der Besucherzugriffe, betrieben von&nbsp;<a href=\"http:\/\/automattic.com\/\">Automattic<\/a>&nbsp;Inc., 60 29th Street #343, San Francisco, CA 94110-4929, USA, unter Einsatz der Trackingtechnologie von&nbsp;<a href=\"http:\/\/www.quantcast.com\/\">Quantcast<\/a>&nbsp;Inc., 201 3rd St, Floor 2, San Francisco, CA 94103-3153, USA. WordPress.com-Stats verwendet sog. \u201eCookies\u201c, Textdateien, die auf Ihrem Computer gespeichert werden und die eine Analyse der Benutzung der Website durch Sie erm\u00f6glichen. Die durch den Cookie erzeugten Informationen \u00fcber Ihre Benutzung dieses Internetangebotes werden auf einem Server in den USA gespeichert. Die IP-Adresse wird sofort nach der Verarbeitung und vor deren Speicherung anonymisiert. Sie k\u00f6nnen die Installation der Cookies durch eine entsprechende Einstellung Ihrer Browser Software verhindern; wir weisen Sie jedoch darauf hin, dass Sie in diesem Fall gegebenenfalls nicht s\u00e4mtliche Funktionen dieser Website vollumf\u00e4nglich nutzen k\u00f6nnen. Sie k\u00f6nnen der Erhebung und Nutzung der Daten durch Quantcast mit Wirkung f\u00fcr die Zukunft widersprechen, indem Sie an dieser Stelle durch einen Klick auf den Link \u201eClick here to opt-out\u201c ein Opt-Out-Cookie in Ihrem Browser setzen:&nbsp;<a href=\"http:\/\/www.quantcast.com\/opt-out\">http:\/\/www.quantcast.com\/opt-out<\/a>. Sollten Sie alle Cookies auf Ihrem Rechner l\u00f6schen, m\u00fcssen Sie das Opt-Out-Cookie erneut setzen.<\/p>\n\n\n\n<p><strong>7. Einbindung von Diensten und Inhalten Dritter<\/strong><\/p>\n\n\n\n<p>Es kann vorkommen, dass innerhalb dieses Onlineangebotes Inhalte Dritter, wie zum Beispiel Videos RSS-Feeds oder Grafiken von anderen Webseiten eingebunden werden. Dies setzt immer voraus, dass die Anbieter dieser Inhalte (nachfolgend bezeichnet als \u201eDritt-Anbieter\u201c) die IP-Adresse der Nutzer wahr nehmen. Denn ohne die IP-Adresse, k\u00f6nnten sie die Inhalte nicht an den Browser des jeweiligen Nutzers senden. Die IP-Adresse ist damit f\u00fcr die Darstellung dieser Inhalte erforderlich. Wir bem\u00fchen uns nur solche Inhalte zu verwenden, deren jeweilige Anbieter die IP-Adresse lediglich zur Auslieferung der Inhalte verwenden. Jedoch haben wir keinen Einfluss darauf, falls die Dritt-Anbieter die IP-Adresse z.B. f\u00fcr statistische Zwecke speichern. Soweit dies uns bekannt ist, kl\u00e4ren wir die Nutzer dar\u00fcber auf.<\/p>\n\n\n\n<p><strong>6. Betroffenenrechte<\/strong><\/p>\n\n\n\n<p>Sie haben das Recht:<br>\u2022 gem\u00e4\u00df Art. 15 DSGVO Auskunft \u00fcber Ihre von uns verarbeiteten personenbezogenen Daten zu verlangen. Insbesondere k\u00f6nnen Sie Auskunft \u00fcber die Verarbeitungszwecke, die Kategorie der personenbezogenen Daten, die Kategorien von Empf\u00e4ngern, gegen\u00fcber denen Ihre Daten offengelegt wurden<br>oder werden, die geplante Speicherdauer, das Bestehen eines Rechts auf Berichtigung, L\u00f6schung, Einschr\u00e4nkung der Verarbeitung oder Widerspruch, das Bestehen eines Beschwerderechts, die Herkunft ihrer Daten, sofern diese nicht bei uns erhoben wurden, sowie \u00fcber das Bestehen einer automatisierten<br>Entscheidungsfindung einschlie\u00dflich Profiling und ggf. aussagekr\u00e4ftigen Informationen zu deren Einzelheiten verlangen;<br>\u2022 gem\u00e4\u00df Art. 16 DSGVO unverz\u00fcglich die Berichtigung unrichtiger oder Vervollst\u00e4ndigung Ihrer bei uns gespeicherten personenbezogenen Daten zu verlangen;<br>\u2022 gem\u00e4\u00df Art. 17 DSGVO die L\u00f6schung Ihrer bei uns gespeicherten personenbezogenen Daten zu verlangen, soweit nicht die Verarbeitung zur Aus\u00fcbung des Rechts auf freie Meinungs\u00e4u\u00dferung und Information, zur Erf\u00fcllung einer rechtlichen Verpflichtung, aus Gr\u00fcnden des \u00f6ffentlichen Interesses oder zur Geltendmachung, Aus\u00fcbung oder Verteidigung von Rechtsanspr\u00fcchen erforderlich ist;<br>\u2022 gem\u00e4\u00df Art. 18 DSGVO die Einschr\u00e4nkung der Verarbeitung Ihrer personenbezogenen Daten zu verlangen, soweit die Richtigkeit der Daten von Ihnen bestritten wird, die Verarbeitung unrechtm\u00e4\u00dfig ist, Sie aber deren L\u00f6schung ablehnen und wir die Daten nicht mehr ben\u00f6tigen, Sie jedoch diese zur Geltendmachung, Aus\u00fcbung oder Verteidigung von Rechtsanspr\u00fcchen ben\u00f6tigen oder Sie gem\u00e4\u00df Art. 21 DSGVO Widerspruch gegen die Verarbeitung eingelegt haben;<br>\u2022 gem\u00e4\u00df Art. 20 DSGVO Ihre personenbezogenen Daten, die Sie uns bereitgestellt haben, in einem strukturierten, g\u00e4ngigen und maschinenlesebaren Format zu erhalten oder die \u00dcbermittlung an einen anderen Verantwortlichen zu verlangen;<br>\u2022 gem\u00e4\u00df Art. 7 Abs. 3 DSGVO Ihre einmal erteilte Einwilligung jederzeit gegen\u00fcber uns zu widerrufen. Dies hat zur Folge, dass wir die Datenverarbeitung, die auf dieser Einwilligung beruhte, f\u00fcr die Zukunft nicht mehr fortf\u00fchren d\u00fcrfen und<br>\u2022 gem\u00e4\u00df Art. 77 DSGVO sich bei einer Aufsichtsbeh\u00f6rde zu beschweren. In der Regel k\u00f6nnen Sie sich hierf\u00fcr an die Aufsichtsbeh\u00f6rde Ihres \u00fcblichen Aufenthaltsortes oder Arbeitsplatzes oder unseres Kanzleisitzes wenden.<\/p>\n\n\n\n<p><strong>7. Widerspruchsrecht<\/strong><\/p>\n\n\n\n<p>Sofern Ihre personenbezogenen Daten auf Grundlage von berechtigten Interessen gem\u00e4\u00df Art. 6 Abs. 1 S. 1 lit. f DSGVO verarbeitet werden, haben Sie das Recht, gem\u00e4\u00df Art. 21 DSGVO Widerspruch gegen die Verarbeitung Ihrer personenbezogenen Daten einzulegen, soweit daf\u00fcr Gr\u00fcnde vorliegen, die sich aus Ihrer besonderen Situation ergeben oder sich der Widerspruch gegen Direktwerbung richtet. Im letzteren Fall haben Sie ein generelles Widerspruchsrecht, das ohne Angabe einer besonderen Situation von uns umgesetzt wird. M\u00f6chten Sie von Ihrem Widerrufs- oder Widerspruchsrecht Gebrauch machen, gen\u00fcgt eine E-Mail an kanzlei@ra-nuebling.de<\/p>\n\n\n\n<p><strong>8. Datensicherheit<\/strong><\/p>\n\n\n\n<p>Wir verwenden innerhalb des Website-Besuchs das verbreitete SSL-Verfahren (Secure Socket Layer) in Verbindung mit der jeweils h\u00f6chsten Verschl\u00fcsselungsstufe, die von Ihrem Browser unterst\u00fctzt wird. In der Regel handelt es sich dabei um eine 256 Bit Verschl\u00fcsselung. Falls Ihr Browser keine 256-Bit Verschl\u00fcsselung unterst\u00fctzt, greifen wir stattdessen auf 128-Bit v3 Technologie zur\u00fcck. Ob eine einzelne Seite unseres Internetauftrittes verschl\u00fcsselt \u00fcbertragen wird, erkennen Sie an der geschlossenen Darstellung des Sch\u00fcssel- beziehungsweise Schloss-Symbols in der unteren Statusleiste<br>Ihres Browsers. Wir bedienen uns im \u00dcbrigen geeigneter technischer und organisatorischer Sicherheitsma\u00dfnahmen, um Ihre Daten gegen zuf\u00e4llige oder vors\u00e4tzliche Manipulationen, teilweisen oder vollst\u00e4ndigen Verlust, Zerst\u00f6rung oder gegen den unbefugten Zugriff Dritter zu sch\u00fctzen. Unsere Sicherheitsma\u00dfnahmen werden entsprechend der technologischen Entwicklung fortlaufend verbessert.<\/p>\n\n\n\n<p><strong>9. Aktualit\u00e4t und \u00c4nderung dieser Datenschutzerkl\u00e4rung<\/strong><\/p>\n\n\n\n<p>Diese Datenschutzerkl\u00e4rung ist aktuell g\u00fcltig und hat den Stand Mai 2018.<br>Durch die Weiterentwicklung unserer Website und Angebote dar\u00fcber oder aufgrund ge\u00e4nderter gesetzlicher beziehungsweise beh\u00f6rdlicher Vorgaben kann es notwendig werden, diese Datenschutzerkl\u00e4rung zu \u00e4ndern. Die jeweils aktuelle Datenschutzerkl\u00e4rung kann jederzeit auf der Website unter https:\/\/www.ra-nuebling.de\/datenschutz von Ihnen abgerufen und ausgedruckt werden.<\/p>\n","protected":false},"excerpt":{"rendered":"<p>Allgemeine Hinweise zum Datenschutz: Diese Datenschutzerkl\u00e4rung kl\u00e4rt Nutzer dieser und der verbundenen Internetseiten \u00fcber die Art, den Umfang und Zwecke der Erhebung und Verwendung personenbezogener Daten durch Rechtsanwalt Alfred N\u00fcbling\u00a0auf diesen\u00a0Internetseiten (im folgenden \u201eAngebot\u201c) auf. Die rechtlichen Grundlagen des Datenschutzes finden sich im Bundesdatenschutzgesetz (BDSG) und dem Telemediengesetz (TMG) sowie der Datenschutzgrundverordnung (DSGVO). 1. Name &hellip; <\/p>\n<p class=\"link-more\"><a href=\"http:\/\/ra-nuebling.de\/?page_id=10\" class=\"more-link\"><span class=\"screen-reader-text\">\u201eDatenschutz\u201c <\/span>weiterlesen<\/a><\/p>\n","protected":false},"author":1,"featured_media":0,"parent":0,"menu_order":0,"comment_status":"closed","ping_status":"closed","template":"","meta":{"footnotes":""},"class_list":["post-10","page","type-page","status-publish","hentry"],"_links":{"self":[{"href":"http:\/\/ra-nuebling.de\/index.php?rest_route=\/wp\/v2\/pages\/10","targetHints":{"allow":["GET"]}}],"collection":[{"href":"http:\/\/ra-nuebling.de\/index.php?rest_route=\/wp\/v2\/pages"}],"about":[{"href":"http:\/\/ra-nuebling.de\/index.php?rest_route=\/wp\/v2\/types\/page"}],"author":[{"embeddable":true,"href":"http:\/\/ra-nuebling.de\/index.php?rest_route=\/wp\/v2\/users\/1"}],"replies":[{"embeddable":true,"href":"http:\/\/ra-nuebling.de\/index.php?rest_route=%2Fwp%2Fv2%2Fcomments&post=10"}],"version-history":[{"count":2,"href":"http:\/\/ra-nuebling.de\/index.php?rest_route=\/wp\/v2\/pages\/10\/revisions"}],"predecessor-version":[{"id":39,"href":"http:\/\/ra-nuebling.de\/index.php?rest_route=\/wp\/v2\/pages\/10\/revisions\/39"}],"wp:attachment":[{"href":"http:\/\/ra-nuebling.de\/index.php?rest_route=%2Fwp%2Fv2%2Fmedia&parent=10"}],"curies":[{"name":"wp","href":"https:\/\/api.w.org\/{rel}","templated":true}]}}