{"id":11,"date":"2020-04-21T18:14:41","date_gmt":"2020-04-21T18:14:41","guid":{"rendered":"http:\/\/ra-nuebling.de\/?page_id=11"},"modified":"2021-02-04T08:53:58","modified_gmt":"2021-02-04T07:53:58","slug":"taetigkeitsgebiete","status":"publish","type":"page","link":"http:\/\/ra-nuebling.de\/?page_id=11","title":{"rendered":"T\u00e4tigkeitsgebiete"},"content":{"rendered":"\n<p>Strafrecht<\/p>\n\n\n\n<p>Familienrecht<\/p>\n\n\n\n<p>Opferschutz<\/p>\n\n\n\n<p>Herr N\u00fcbling ist seit 1996 als Rechtsanwalt in Ulm t\u00e4tig und seit 2000 <strong>Fachanwalt f\u00fcr Strafrecht<\/strong>. Sein T\u00e4tigkeitsschwerpunkt ist das Strafrecht, indem Herr N\u00fcbling insbesondere als Verteidiger bei Bet\u00e4ubungsmittel-, Gewalt-, T\u00f6tungs- und Verm\u00f6gensdelikten sowie bei Sexualstraftaten und im Bereich organisierter Kriminalit\u00e4t t\u00e4tig ist. Herr N\u00fcbling vertritt Sie auch im Rahmen der Strafvollstreckung und im Bereich des Ma\u00dfregelvollzuges (\u00a7\u00a7 63, 64, 66 StGB) sowie bei Bet\u00e4ubungsmitteltherapien (\u00a7 35 BtmG sowie \u00a7 64 StGB). <br>Daneben betreut Herr N\u00fcbling die Bereiche Familienrecht und Verkehrsrecht.<br>Herr N\u00fcbling ist Mitglied im Deutschen Anwaltverein, im Anwaltverein Ulm und in der Arbeitsgemeinschaft Strafrecht im DAV. Er ist Mitbegr\u00fcnder der Initiative \u201eAnwaltsnotdienst in Strafsachen\u201c (Tel.: 0170 \/ 5131226) sowie Mitglied der Bew\u00e4hrungs- und Straff\u00e4lligenhilfe Ulm e.V. <br><br>Herr N\u00fcbling ist in Ulm geboren und hat 3 Kinder. Sein Studium absolvierte er an der Universit\u00e4t Augsburg, das Referendariat beim Landgericht Memmingen. Herr N\u00fcbling ist auch gelernter Betriebswirt (VWA).<br><br><strong>Sollte ein naher Angeh\u00f6riger, Lebenspartner oder Freund verhaftet worden sein oder droht eine zeitnahe Verhaftung, so k\u00f6nnen Sie Herrn N\u00fcbling abends \/ nachts oder an Wochenenden unter 0173 \/ 8695130 erreichen!<br>Bitte jedoch nur in diesen dringenden Notf\u00e4llen!<\/strong><\/p>\n\n\n\n<p><\/p>\n","protected":false},"excerpt":{"rendered":"<p>Strafrecht Familienrecht Opferschutz Herr N\u00fcbling ist seit 1996 als Rechtsanwalt in Ulm t\u00e4tig und seit 2000 Fachanwalt f\u00fcr Strafrecht. Sein T\u00e4tigkeitsschwerpunkt ist das Strafrecht, indem Herr N\u00fcbling insbesondere als Verteidiger bei Bet\u00e4ubungsmittel-, Gewalt-, T\u00f6tungs- und Verm\u00f6gensdelikten sowie bei Sexualstraftaten und im Bereich organisierter Kriminalit\u00e4t t\u00e4tig ist. Herr N\u00fcbling vertritt Sie auch im Rahmen der Strafvollstreckung &hellip; <\/p>\n<p class=\"link-more\"><a href=\"http:\/\/ra-nuebling.de\/?page_id=11\" class=\"more-link\"><span class=\"screen-reader-text\">\u201eT\u00e4tigkeitsgebiete\u201c <\/span>weiterlesen<\/a><\/p>\n","protected":false},"author":1,"featured_media":55,"parent":0,"menu_order":0,"comment_status":"closed","ping_status":"closed","template":"","meta":{"footnotes":""},"class_list":["post-11","page","type-page","status-publish","has-post-thumbnail","hentry"],"_links":{"self":[{"href":"http:\/\/ra-nuebling.de\/index.php?rest_route=\/wp\/v2\/pages\/11","targetHints":{"allow":["GET"]}}],"collection":[{"href":"http:\/\/ra-nuebling.de\/index.php?rest_route=\/wp\/v2\/pages"}],"about":[{"href":"http:\/\/ra-nuebling.de\/index.php?rest_route=\/wp\/v2\/types\/page"}],"author":[{"embeddable":true,"href":"http:\/\/ra-nuebling.de\/index.php?rest_route=\/wp\/v2\/users\/1"}],"replies":[{"embeddable":true,"href":"http:\/\/ra-nuebling.de\/index.php?rest_route=%2Fwp%2Fv2%2Fcomments&post=11"}],"version-history":[{"count":4,"href":"http:\/\/ra-nuebling.de\/index.php?rest_route=\/wp\/v2\/pages\/11\/revisions"}],"predecessor-version":[{"id":75,"href":"http:\/\/ra-nuebling.de\/index.php?rest_route=\/wp\/v2\/pages\/11\/revisions\/75"}],"wp:featuredmedia":[{"embeddable":true,"href":"http:\/\/ra-nuebling.de\/index.php?rest_route=\/wp\/v2\/media\/55"}],"wp:attachment":[{"href":"http:\/\/ra-nuebling.de\/index.php?rest_route=%2Fwp%2Fv2%2Fmedia&parent=11"}],"curies":[{"name":"wp","href":"https:\/\/api.w.org\/{rel}","templated":true}]}}