{"id":12,"date":"2020-04-21T18:14:41","date_gmt":"2020-04-21T18:14:41","guid":{"rendered":"http:\/\/ra-nuebling.de\/?page_id=12"},"modified":"2020-09-26T11:31:17","modified_gmt":"2020-09-26T10:31:17","slug":"wegbeschreibung","status":"publish","type":"page","link":"http:\/\/ra-nuebling.de\/?page_id=12","title":{"rendered":"Wegbeschreibung"},"content":{"rendered":"\n<p>Sie finden Rechtsanwalt N\u00fcbling in der Rosengasse, ca. 2 Minuten fu\u00dfl\u00e4ufig vom Justizgeb\u00e4ude in der Olgastra\u00dfe entfernt. Am Besten parken Sie in der Tiefgarage der Drogerie M\u00fcller in der Frauenstra\u00dfe. Die Kanzlei N\u00fcbling befindet sich direkt am Nebenausgang.<\/p>\n\n\n\n<p><a href=\"https:\/\/www.google.de\/maps\/place\/Anwaltskanzlei+N%C3%BCbling+Russ\/@48.4011159,9.9955848,15z\/data=!4m5!3m4!1s0x0:0xa9838b7a2586c872!8m2!3d48.4011159!4d9.9955848\">https:\/\/www.google.de\/maps\/place\/Anwaltskanzlei+N%C3%BCbling+Russ\/@48.4011159,9.9955848,15z\/data=!4m5!3m4!1s0x0:0xa9838b7a2586c872!8m2!3d48.4011159!4d9.9955848<\/a><\/p>\n\n\n\n<p><\/p>\n\n\n\n\n\n\n\n<p><\/p>\n","protected":false},"excerpt":{"rendered":"<p>Sie finden Rechtsanwalt N\u00fcbling in der Rosengasse, ca. 2 Minuten fu\u00dfl\u00e4ufig vom Justizgeb\u00e4ude in der Olgastra\u00dfe entfernt. Am Besten parken Sie in der Tiefgarage der Drogerie M\u00fcller in der Frauenstra\u00dfe. Die Kanzlei N\u00fcbling befindet sich direkt am Nebenausgang. https:\/\/www.google.de\/maps\/place\/Anwaltskanzlei+N%C3%BCbling+Russ\/@48.4011159,9.9955848,15z\/data=!4m5!3m4!1s0x0:0xa9838b7a2586c872!8m2!3d48.4011159!4d9.9955848<\/p>\n","protected":false},"author":1,"featured_media":0,"parent":0,"menu_order":0,"comment_status":"closed","ping_status":"closed","template":"","meta":{"footnotes":""},"class_list":["post-12","page","type-page","status-publish","hentry"],"_links":{"self":[{"href":"http:\/\/ra-nuebling.de\/index.php?rest_route=\/wp\/v2\/pages\/12","targetHints":{"allow":["GET"]}}],"collection":[{"href":"http:\/\/ra-nuebling.de\/index.php?rest_route=\/wp\/v2\/pages"}],"about":[{"href":"http:\/\/ra-nuebling.de\/index.php?rest_route=\/wp\/v2\/types\/page"}],"author":[{"embeddable":true,"href":"http:\/\/ra-nuebling.de\/index.php?rest_route=\/wp\/v2\/users\/1"}],"replies":[{"embeddable":true,"href":"http:\/\/ra-nuebling.de\/index.php?rest_route=%2Fwp%2Fv2%2Fcomments&post=12"}],"version-history":[{"count":6,"href":"http:\/\/ra-nuebling.de\/index.php?rest_route=\/wp\/v2\/pages\/12\/revisions"}],"predecessor-version":[{"id":73,"href":"http:\/\/ra-nuebling.de\/index.php?rest_route=\/wp\/v2\/pages\/12\/revisions\/73"}],"wp:attachment":[{"href":"http:\/\/ra-nuebling.de\/index.php?rest_route=%2Fwp%2Fv2%2Fmedia&parent=12"}],"curies":[{"name":"wp","href":"https:\/\/api.w.org\/{rel}","templated":true}]}}